{"id":2,"date":"2024-11-10T17:58:49","date_gmt":"2024-11-10T16:58:49","guid":{"rendered":"http:\/\/rdrmedb.cluster027.hosting.ovh.net\/?page_id=2"},"modified":"2024-11-30T09:41:22","modified_gmt":"2024-11-30T08:41:22","slug":"plans-media","status":"publish","type":"page","link":"https:\/\/rdrmedias.be\/index.php\/plans-media\/","title":{"rendered":"plans m\u00e9dias"},"content":{"rendered":"\n<p>Comprendre vos besoins, y r\u00e9pondre par un plan de diffusion ad\u00e9quat pour atteindre votre public cible.\u00a0 Vous \u00eates radio, t\u00e9l\u00e9, web\u00a0?\u00a0 Chaque support \u00e0 ses sp\u00e9cificit\u00e9s et demande une approche unique.<\/p>\n","protected":false},"excerpt":{"rendered":"<p>Comprendre vos besoins, y r\u00e9pondre par un plan de diffusion ad\u00e9quat pour atteindre votre public cible.\u00a0 Vous \u00eates radio, t\u00e9l\u00e9, web\u00a0?\u00a0 Chaque support \u00e0 ses sp\u00e9cificit\u00e9s et demande une approche unique.<\/p>\n","protected":false},"author":1,"featured_media":0,"parent":0,"menu_order":0,"comment_status":"closed","ping_status":"open","template":"","meta":{"footnotes":""},"class_list":["post-2","page","type-page","status-publish","hentry"],"_links":{"self":[{"href":"https:\/\/rdrmedias.be\/index.php\/wp-json\/wp\/v2\/pages\/2","targetHints":{"allow":["GET"]}}],"collection":[{"href":"https:\/\/rdrmedias.be\/index.php\/wp-json\/wp\/v2\/pages"}],"about":[{"href":"https:\/\/rdrmedias.be\/index.php\/wp-json\/wp\/v2\/types\/page"}],"author":[{"embeddable":true,"href":"https:\/\/rdrmedias.be\/index.php\/wp-json\/wp\/v2\/users\/1"}],"replies":[{"embeddable":true,"href":"https:\/\/rdrmedias.be\/index.php\/wp-json\/wp\/v2\/comments?post=2"}],"version-history":[{"count":2,"href":"https:\/\/rdrmedias.be\/index.php\/wp-json\/wp\/v2\/pages\/2\/revisions"}],"predecessor-version":[{"id":70,"href":"https:\/\/rdrmedias.be\/index.php\/wp-json\/wp\/v2\/pages\/2\/revisions\/70"}],"wp:attachment":[{"href":"https:\/\/rdrmedias.be\/index.php\/wp-json\/wp\/v2\/media?parent=2"}],"curies":[{"name":"wp","href":"https:\/\/api.w.org\/{rel}","templated":true}]}}