{"id":53,"date":"2024-11-21T22:51:26","date_gmt":"2024-11-21T21:51:26","guid":{"rendered":"https:\/\/rdrmedias.be\/?page_id=53"},"modified":"2024-12-16T07:26:23","modified_gmt":"2024-12-16T06:26:23","slug":"productions-radio-audio-digital","status":"publish","type":"page","link":"https:\/\/rdrmedias.be\/index.php\/productions-radio-audio-digital\/","title":{"rendered":"productions radio-Audio &#038; digital"},"content":{"rendered":"\n<p>Difficile de r\u00e9sumer 35 ans de productions.&nbsp; Ci-apr\u00e8s, quelques productions made in RDR M\u00e9dias<\/p>\n\n\n\n<p>Annonce Ykons 8 avril<\/p>\n\n\n\n<figure class=\"wp-block-audio\"><audio controls src=\"http:\/\/rdrmedias.be\/wp-content\/uploads\/2024\/12\/Ykons-8-avril-150323-v2.wav\"><\/audio><\/figure>\n\n\n\n<p>Publicit\u00e9 Maison Paquet PO Glon<\/p>\n\n\n\n<figure class=\"wp-block-audio\"><audio controls src=\"http:\/\/rdrmedias.be\/wp-content\/uploads\/2024\/12\/Maison-Paquet-PO-Glon-241118.wav\"><\/audio><\/figure>\n\n\n\n<p>Annonce CGO Center janvier 2020 conditions salon f\u00e9vrier<\/p>\n\n\n\n<figure class=\"wp-block-audio\"><audio controls src=\"http:\/\/rdrmedias.be\/wp-content\/uploads\/2024\/12\/CGO-Center-janvier-2020-conditions-salon-fevrier-270120.wav\"><\/audio><\/figure>\n\n\n\n<p>Spot Cambio<\/p>\n\n\n\n<figure class=\"wp-block-audio\"><audio controls src=\"http:\/\/rdrmedias.be\/wp-content\/uploads\/2024\/12\/CAMBIO_270319_SPOT_3_V1.wav\"><\/audio><\/figure>\n\n\n\n<p>Publicit\u00e9 Brico Braine l&rsquo;Alleud<\/p>\n\n\n\n<figure class=\"wp-block-audio\"><audio controls src=\"http:\/\/rdrmedias.be\/wp-content\/uploads\/2024\/12\/Brico-Braine-lAlleud-130416.wav\"><\/audio><\/figure>\n\n\n","protected":false},"excerpt":{"rendered":"<p>Difficile de r\u00e9sumer 35 ans de productions.&nbsp; Ci-apr\u00e8s, quelques productions made in RDR M\u00e9dias Annonce Ykons 8 avril Publicit\u00e9 Maison Paquet PO Glon Annonce CGO Center janvier 2020 conditions salon f\u00e9vrier Spot Cambio Publicit\u00e9 Brico Braine l&rsquo;Alleud<\/p>\n","protected":false},"author":1,"featured_media":0,"parent":0,"menu_order":0,"comment_status":"closed","ping_status":"closed","template":"","meta":{"footnotes":""},"class_list":["post-53","page","type-page","status-publish","hentry"],"_links":{"self":[{"href":"https:\/\/rdrmedias.be\/index.php\/wp-json\/wp\/v2\/pages\/53","targetHints":{"allow":["GET"]}}],"collection":[{"href":"https:\/\/rdrmedias.be\/index.php\/wp-json\/wp\/v2\/pages"}],"about":[{"href":"https:\/\/rdrmedias.be\/index.php\/wp-json\/wp\/v2\/types\/page"}],"author":[{"embeddable":true,"href":"https:\/\/rdrmedias.be\/index.php\/wp-json\/wp\/v2\/users\/1"}],"replies":[{"embeddable":true,"href":"https:\/\/rdrmedias.be\/index.php\/wp-json\/wp\/v2\/comments?post=53"}],"version-history":[{"count":4,"href":"https:\/\/rdrmedias.be\/index.php\/wp-json\/wp\/v2\/pages\/53\/revisions"}],"predecessor-version":[{"id":95,"href":"https:\/\/rdrmedias.be\/index.php\/wp-json\/wp\/v2\/pages\/53\/revisions\/95"}],"wp:attachment":[{"href":"https:\/\/rdrmedias.be\/index.php\/wp-json\/wp\/v2\/media?parent=53"}],"curies":[{"name":"wp","href":"https:\/\/api.w.org\/{rel}","templated":true}]}}